{"id":10,"date":"2023-05-11T12:36:30","date_gmt":"2023-05-11T10:36:30","guid":{"rendered":"http:\/\/wawrzyncowehudy.pl\/?page_id=10"},"modified":"2023-08-18T09:16:53","modified_gmt":"2023-08-18T07:16:53","slug":"strona-glowna","status":"publish","type":"page","link":"https:\/\/wawrzyncowehudy.pl\/","title":{"rendered":"Wawrzy\u0144cowe Hudy"},"content":{"rendered":"<p>[et_pb_section fb_built=&#8221;1&#8243; _builder_version=&#8221;4.21.0&#8243; _module_preset=&#8221;default&#8221; background_enable_color=&#8221;off&#8221; background_image=&#8221;http:\/\/wawrzyncowehudy.pl\/wp-content\/uploads\/2023\/05\/DSC_0061-scaled.jpg&#8221; background_enable_video_mp4=&#8221;off&#8221; min_height=&#8221;1062px&#8221; custom_margin=&#8221;||-17px||false|false&#8221; custom_padding=&#8221;0px||47px||false|false&#8221; global_colors_info=&#8221;{}&#8221;][et_pb_row column_structure=&#8221;1_2,1_2&#8243; _builder_version=&#8221;4.21.0&#8243; _module_preset=&#8221;default&#8221; custom_padding=&#8221;8px||79px|||&#8221; global_colors_info=&#8221;{}&#8221;][et_pb_column type=&#8221;1_2&#8243; _builder_version=&#8221;4.21.0&#8243; _module_preset=&#8221;default&#8221; global_colors_info=&#8221;{}&#8221;][et_pb_text _builder_version=&#8221;4.21.0&#8243; _module_preset=&#8221;default&#8221; text_font=&#8221;Verdana||||||||&#8221; text_text_color=&#8221;#E09900&#8243; text_font_size=&#8221;15px&#8221; text_line_height=&#8221;1.6em&#8221; global_colors_info=&#8221;{}&#8221; custom_padding=&#8221;||0px|||&#8221;]<\/p>\n<p style=\"text-align: center;\"><strong>Huda Wawrzi\u0144cowo<\/strong><br \/>Jak ty gr\u00f3nie syroki, wyskakujom wysoko<br \/>hud polonykh cyrwione jynzory, przi nik ch\u0142opcy, dziywcynta<br \/>wawrzi\u0144cowe dzi\u015b \u015bwiynto uodprawiajom &#8211; weso\u0142e som hory.<br \/>Heligonka zawodzi, po gronickak blask chodzi<br \/>jakby gorzo\u0142 las ca\u0142y w uubocy, a to hudy si\u0119 polom,<br \/>skrzipki piyknie rzympolom.<br \/>Ej, \u015bmiejom si\u0119 z rado\u015bci dzi\u015b uocy.<br \/>Wsyndy niesie sie grani, wsyndy s\u0142ychaj wyskani<br \/>ji muzycka z muzyckom si\u0119 wito.<br \/>Groj muzycko kochano, \u015bpiywoj dziywce ta da na,<br \/>jaz nom ranek w gronicku za\u015bwito.<br \/>P\u00f3demy se d\u00f3 domu \u015bpiywajyncy po groniu,<br \/>uuroceni muzyckom ji tojcem.<br \/>Do drugiygo Wawrzi\u0144ca bydziem licyj miesionce,<br \/>kie przi hudzie muzycka nos z\u0142\u00f3ncy.<\/p>\n<p style=\"text-align: center;\">\u00a0\u00a0 \u00a0 \u00a0 \u00a0 \u00a0 \u00a0 \u00a0 \u00a0 \u00a0 \u00a0 \u00a0 \u00a0 \u00a0 \u00a0 \u00a0 \u00a0\u00a0\u00a0 &#8211;\u00a0 Wawrzyniec Hubka<\/p>\n<p>[\/et_pb_text][\/et_pb_column][et_pb_column type=&#8221;1_2&#8243; _builder_version=&#8221;4.21.0&#8243; _module_preset=&#8221;default&#8221; global_colors_info=&#8221;{}&#8221;][et_pb_image src=&#8221;http:\/\/wawrzyncowehudy.pl\/wp-content\/uploads\/2023\/05\/huda8.gif&#8221; title_text=&#8221;huda8&#8243; show_bottom_space=&#8221;off&#8221; align=&#8221;center&#8221; _builder_version=&#8221;4.21.0&#8243; _module_preset=&#8221;default&#8221; width=&#8221;100%&#8221; module_alignment=&#8221;center&#8221; max_height=&#8221;473px&#8221; max_height_tablet=&#8221;473px&#8221; max_height_phone=&#8221;473px&#8221; max_height_last_edited=&#8221;on|phone&#8221; custom_padding=&#8221;0px||10px||false|false&#8221; border_radii=&#8221;off|||200px|200px&#8221; border_width_all=&#8221;4px&#8221; border_color_all=&#8221;#E09900&#8243; global_colors_info=&#8221;{}&#8221;][\/et_pb_image][\/et_pb_column][\/et_pb_row][et_pb_row column_structure=&#8221;1_3,1_3,1_3&#8243; _builder_version=&#8221;4.21.0&#8243; _module_preset=&#8221;default&#8221; custom_padding=&#8221;||79px|||&#8221; global_colors_info=&#8221;{}&#8221;][et_pb_column type=&#8221;1_3&#8243; _builder_version=&#8221;4.21.0&#8243; _module_preset=&#8221;default&#8221; global_colors_info=&#8221;{}&#8221;][\/et_pb_column][et_pb_column type=&#8221;1_3&#8243; _builder_version=&#8221;4.21.0&#8243; _module_preset=&#8221;default&#8221; global_colors_info=&#8221;{}&#8221;][\/et_pb_column][et_pb_column type=&#8221;1_3&#8243; _builder_version=&#8221;4.21.0&#8243; _module_preset=&#8221;default&#8221; global_colors_info=&#8221;{}&#8221;][\/et_pb_column][\/et_pb_row][\/et_pb_section]<\/p>\n","protected":false},"excerpt":{"rendered":"<p>Huda Wawrzi\u0144cowoJak ty gr\u00f3nie syroki, wyskakujom wysokohud polonykh cyrwione jynzory, przi nik ch\u0142opcy, dziywcyntawawrzi\u0144cowe dzi\u015b \u015bwiynto uodprawiajom &#8211; weso\u0142e som hory.Heligonka zawodzi, po gronickak blask chodzijakby gorzo\u0142 las ca\u0142y w uubocy, a to hudy si\u0119 polom,skrzipki piyknie rzympolom.Ej, \u015bmiejom si\u0119 z rado\u015bci dzi\u015b uocy.Wsyndy niesie sie grani, wsyndy s\u0142ychaj wyskaniji muzycka z muzyckom si\u0119 wito.Groj [&hellip;]<\/p>\n","protected":false},"author":1,"featured_media":0,"parent":0,"menu_order":0,"comment_status":"closed","ping_status":"closed","template":"","meta":{"_et_pb_use_builder":"on","_et_pb_old_content":"","_et_gb_content_width":"","footnotes":""},"class_list":["post-10","page","type-page","status-publish","hentry"],"_links":{"self":[{"href":"https:\/\/wawrzyncowehudy.pl\/index.php\/wp-json\/wp\/v2\/pages\/10","targetHints":{"allow":["GET"]}}],"collection":[{"href":"https:\/\/wawrzyncowehudy.pl\/index.php\/wp-json\/wp\/v2\/pages"}],"about":[{"href":"https:\/\/wawrzyncowehudy.pl\/index.php\/wp-json\/wp\/v2\/types\/page"}],"author":[{"embeddable":true,"href":"https:\/\/wawrzyncowehudy.pl\/index.php\/wp-json\/wp\/v2\/users\/1"}],"replies":[{"embeddable":true,"href":"https:\/\/wawrzyncowehudy.pl\/index.php\/wp-json\/wp\/v2\/comments?post=10"}],"version-history":[{"count":27,"href":"https:\/\/wawrzyncowehudy.pl\/index.php\/wp-json\/wp\/v2\/pages\/10\/revisions"}],"predecessor-version":[{"id":495,"href":"https:\/\/wawrzyncowehudy.pl\/index.php\/wp-json\/wp\/v2\/pages\/10\/revisions\/495"}],"wp:attachment":[{"href":"https:\/\/wawrzyncowehudy.pl\/index.php\/wp-json\/wp\/v2\/media?parent=10"}],"curies":[{"name":"wp","href":"https:\/\/api.w.org\/{rel}","templated":true}]}}