{"id":22,"date":"2023-05-11T12:45:33","date_gmt":"2023-05-11T10:45:33","guid":{"rendered":"http:\/\/wawrzyncowehudy.pl\/?page_id=22"},"modified":"2023-08-02T14:04:07","modified_gmt":"2023-08-02T12:04:07","slug":"wawrzyncowa-huda","status":"publish","type":"page","link":"https:\/\/wawrzyncowehudy.pl\/index.php\/wawrzyncowa-huda\/","title":{"rendered":"Budowa hudy"},"content":{"rendered":"<p>[et_pb_section fb_built=&#8221;1&#8243; _builder_version=&#8221;4.21.0&#8243; _module_preset=&#8221;default&#8221; hover_enabled=&#8221;0&#8243; global_colors_info=&#8221;{}&#8221; background_color=&#8221;#232323&#8243; sticky_enabled=&#8221;0&#8243;][et_pb_row _builder_version=&#8221;4.21.0&#8243; _module_preset=&#8221;default&#8221; hover_enabled=&#8221;0&#8243; global_colors_info=&#8221;{}&#8221; sticky_enabled=&#8221;0&#8243;][et_pb_column type=&#8221;4_4&#8243; _builder_version=&#8221;4.21.0&#8243; _module_preset=&#8221;default&#8221; hover_enabled=&#8221;0&#8243; global_colors_info=&#8221;{}&#8221; background_color=&#8221;#E09900&#8243; sticky_enabled=&#8221;0&#8243;][et_pb_text _builder_version=&#8221;4.21.0&#8243; _module_preset=&#8221;default&#8221; custom_padding=&#8221;||0px|||&#8221; hover_enabled=&#8221;0&#8243; global_colors_info=&#8221;{}&#8221; sticky_enabled=&#8221;0&#8243;]<\/p>\n<h3 style=\"text-align: center;\"><strong>A teraz zobaczmy kolejne etapy budowy naszej hudy!<br \/><\/strong><\/h3>\n<p>[\/et_pb_text][\/et_pb_column][\/et_pb_row][et_pb_row column_structure=&#8221;1_3,1_3,1_3&#8243; _builder_version=&#8221;4.21.0&#8243; _module_preset=&#8221;default&#8221; global_colors_info=&#8221;{}&#8221;][et_pb_column type=&#8221;1_3&#8243; _builder_version=&#8221;4.21.0&#8243; _module_preset=&#8221;default&#8221; global_colors_info=&#8221;{}&#8221;][et_pb_image src=&#8221;http:\/\/wawrzyncowehudy.pl\/wp-content\/uploads\/2023\/06\/HUDA_1.jpg&#8221; title_text=&#8221;HUDA_1&#8243; _builder_version=&#8221;4.21.0&#8243; _module_preset=&#8221;default&#8221; global_colors_info=&#8221;{}&#8221;][\/et_pb_image][\/et_pb_column][et_pb_column type=&#8221;1_3&#8243; _builder_version=&#8221;4.21.0&#8243; _module_preset=&#8221;default&#8221; global_colors_info=&#8221;{}&#8221;][et_pb_image src=&#8221;http:\/\/wawrzyncowehudy.pl\/wp-content\/uploads\/2023\/06\/HUDA_2.jpg&#8221; title_text=&#8221;HUDA_2&#8243; _builder_version=&#8221;4.21.0&#8243; _module_preset=&#8221;default&#8221; global_colors_info=&#8221;{}&#8221;][\/et_pb_image][\/et_pb_column][et_pb_column type=&#8221;1_3&#8243; _builder_version=&#8221;4.21.0&#8243; _module_preset=&#8221;default&#8221; global_colors_info=&#8221;{}&#8221;][et_pb_image src=&#8221;http:\/\/wawrzyncowehudy.pl\/wp-content\/uploads\/2023\/06\/HUDA_3.jpg&#8221; title_text=&#8221;HUDA_3&#8243; _builder_version=&#8221;4.21.0&#8243; _module_preset=&#8221;default&#8221; global_colors_info=&#8221;{}&#8221;][\/et_pb_image][\/et_pb_column][\/et_pb_row][et_pb_row column_structure=&#8221;1_2,1_2&#8243; _builder_version=&#8221;4.21.0&#8243; _module_preset=&#8221;default&#8221; global_colors_info=&#8221;{}&#8221;][et_pb_column type=&#8221;1_2&#8243; _builder_version=&#8221;4.21.0&#8243; _module_preset=&#8221;default&#8221; hover_enabled=&#8221;0&#8243; global_colors_info=&#8221;{}&#8221; sticky_enabled=&#8221;0&#8243;][et_pb_text _builder_version=&#8221;4.21.0&#8243; _module_preset=&#8221;default&#8221; hover_enabled=&#8221;0&#8243; global_colors_info=&#8221;{}&#8221; text_text_color=&#8221;#FFFFFF&#8221; sticky_enabled=&#8221;0&#8243;]<\/p>\n<p style=\"text-align: justify;\">\u00a0 \u00a0 \u00a0 Pr\u00f3\u017cno najstarsi g\u00f3rale zachodz\u0105 w g\u0142ow\u0119 pr\u00f3buj\u0105c dociec od kiedy pali si\u0119 w Ujso\u0142ach Wawrzy\u0144cowa Huda. W zwi\u0105zku z powy\u017cszym trzeba przyj\u0105\u0107, \u017ce ten prastary obrz\u0119d zro\u015bni\u0119ty jest z Ujso\u0142ami od zawsze i na zawsze. Zanim 45 lat temu trafi\u0142 na g\u0142\u0119bokie wody Tygodnia Kultury Beskidzkiej, by\u0142 pieczo\u0142owicie piel\u0119gnowany od zamierzch\u0142ych czas\u00f3w przez kolejne pokolenia ujsolskich g\u00f3rali jako wa\u017cny element ich to\u017csamo\u015bci. Bez wzgl\u0119du na zmieniaj\u0105ce si\u0119 czasy, nowe trendy, czy mody hudy nie wygas\u0142y nigdy; rok w rok p\u0142on\u0119\u0142y w noc \u015bwi\u0119tego Wawrzy\u0144ca (z 9 na 10 sierpnia) czyni\u0105c zado\u015b\u0107 wielowiekowej tradycji. P\u0142on\u0119\u0142y na g\u00f3rskich polanach, w dolinach, na kamie\u0144cach we wszystkich 4 wsiach (Ujso\u0142y, Z\u0142atna, Glinka i Sobl\u00f3wka) Gmina Ujso\u0142y. Ma\u0142o tego, ka\u017cdy Zar\u0119bek mia\u0142 swoj\u0105 hud\u0119 rywalizuj\u0105c z innymi pod wzgl\u0119dem jej wysoko\u015bci i czasu, w jakim sp\u0142on\u0119\u0142a. Przygotowania do tego ujsolskiego \u015bwi\u0119ta rozpoczyna\u0142y si\u0119 ju\u017c w po\u0142owie lipca kiedy to wyruszano w poszukiwania najbardziej dorodnych ja\u0142owc\u00f3w oraz d\u0142ugich na kilkana\u015bcie a nierzadko nawet kilkadziesi\u0105t metr\u00f3w \u017cerdzi, kt\u00f3re starannie strugano z kory. Nast\u0119pnie w miejscu lokalizacji hudy, stawa\u0142 prymitywny sza\u0142as zbudowany ze zwyk\u0142ych okrajk\u00f3w, w kt\u00f3rym a\u017c do dnia podpalenia hudy dy\u017curowa\u0142a nocami m\u0142odzie\u017c pilnuj\u0105c, aby \u201ekonkurencja\u201d z s\u0105siedniego zar\u0119bka nie pod\u0142o\u017cy\u0142a ognia pod konstrukcj\u0119 niwecz\u0105c ca\u0142\u0105 prac\u0119 i wystawiaj\u0105c budowniczych na po\u015bmiewisko.<\/p>\n<p style=\"text-align: justify;\">[\/et_pb_text][\/et_pb_column][et_pb_column type=&#8221;1_2&#8243; _builder_version=&#8221;4.21.0&#8243; _module_preset=&#8221;default&#8221; global_colors_info=&#8221;{}&#8221;][et_pb_text _builder_version=&#8221;4.21.0&#8243; _module_preset=&#8221;default&#8221; hover_enabled=&#8221;0&#8243; global_colors_info=&#8221;{}&#8221; text_text_color=&#8221;#FFFFFF&#8221; sticky_enabled=&#8221;0&#8243;]<\/p>\n<p style=\"text-align: justify;\">\u00a0 \u00a0 \u00a0Budowa hudy trwa\u0142a dobrych kilka dni, w trakcie kt\u00f3rych kolejno wykonywano nast\u0119puj\u0105ce czynno\u015bci: w planie kwadratu w rozstawie ok. 1 metra wbijano 4 \u017cerdzi wzmacniaj\u0105c je co p\u00f3\u0142 metra poprzecznymi deskami (tzw. spongami), wewn\u0105trz drewnianego szkieletu uk\u0142adano najpierw pasiek\u0119 (chrust) potem pionowo ja\u0142owce (obecnie s\u0105 to najcz\u0119\u015bciej \u015bwierkowe ga\u0142\u0119zie), wreszcie na samej g\u00f3rze umieszczano kuk\u0142\u0119 \u015bwi\u0119tego Wawrzy\u0144ca. Hud\u0119 podpalano dok\u0142adnie o p\u00f3\u0142nocy przy d\u017awi\u0119kach g\u00f3ralskiej muzyki, dono\u015bnym \u015bpiewie i ta\u0144cach nieraz do bia\u0142ego rana. Najbardziej znane hudy gromadz\u0105ce najwi\u0119ksz\u0105 ilo\u015b\u0107 uczestnik\u00f3w by\u0142y zlokalizowane na g\u00f3rze nad tartakiem w Ujso\u0142ach oraz na kamie\u0144cu za Baildonem (o\u015brodek wypoczynkowy w Ujso\u0142ach). Nowa era dla tego niezwyk\u0142ego obrz\u0119du rozpocz\u0119\u0142a si\u0119 45 lat temu z chwil\u0105 wpisania go do programu Tygodnia Kultury Beskidzkiej; wtedy to zosta\u0142 on obj\u0119ty mecenatem Urz\u0119du Gminy i podniesiony do rangi najwa\u017cniejszego wydarzenia zwi\u0105zanego z tradycj\u0105 Ujs\u00f3\u0142.<\/p>\n<p>[\/et_pb_text][\/et_pb_column][\/et_pb_row][\/et_pb_section]<\/p>\n","protected":false},"excerpt":{"rendered":"<p>A teraz zobaczmy kolejne etapy budowy naszej hudy!\u00a0 \u00a0 \u00a0 Pr\u00f3\u017cno najstarsi g\u00f3rale zachodz\u0105 w g\u0142ow\u0119 pr\u00f3buj\u0105c dociec od kiedy pali si\u0119 w Ujso\u0142ach Wawrzy\u0144cowa Huda. W zwi\u0105zku z powy\u017cszym trzeba przyj\u0105\u0107, \u017ce ten prastary obrz\u0119d zro\u015bni\u0119ty jest z Ujso\u0142ami od zawsze i na zawsze. Zanim 45 lat temu trafi\u0142 na g\u0142\u0119bokie wody Tygodnia Kultury [&hellip;]<\/p>\n","protected":false},"author":1,"featured_media":0,"parent":0,"menu_order":0,"comment_status":"closed","ping_status":"closed","template":"","meta":{"_et_pb_use_builder":"on","_et_pb_old_content":"","_et_gb_content_width":"","footnotes":""},"class_list":["post-22","page","type-page","status-publish","hentry"],"_links":{"self":[{"href":"https:\/\/wawrzyncowehudy.pl\/index.php\/wp-json\/wp\/v2\/pages\/22","targetHints":{"allow":["GET"]}}],"collection":[{"href":"https:\/\/wawrzyncowehudy.pl\/index.php\/wp-json\/wp\/v2\/pages"}],"about":[{"href":"https:\/\/wawrzyncowehudy.pl\/index.php\/wp-json\/wp\/v2\/types\/page"}],"author":[{"embeddable":true,"href":"https:\/\/wawrzyncowehudy.pl\/index.php\/wp-json\/wp\/v2\/users\/1"}],"replies":[{"embeddable":true,"href":"https:\/\/wawrzyncowehudy.pl\/index.php\/wp-json\/wp\/v2\/comments?post=22"}],"version-history":[{"count":8,"href":"https:\/\/wawrzyncowehudy.pl\/index.php\/wp-json\/wp\/v2\/pages\/22\/revisions"}],"predecessor-version":[{"id":383,"href":"https:\/\/wawrzyncowehudy.pl\/index.php\/wp-json\/wp\/v2\/pages\/22\/revisions\/383"}],"wp:attachment":[{"href":"https:\/\/wawrzyncowehudy.pl\/index.php\/wp-json\/wp\/v2\/media?parent=22"}],"curies":[{"name":"wp","href":"https:\/\/api.w.org\/{rel}","templated":true}]}}